{"id":4013,"date":"2024-02-02T13:43:14","date_gmt":"2024-02-02T10:43:14","guid":{"rendered":"https:\/\/bobbocrafts.com\/?post_type=product&#038;p=4013"},"modified":"2026-01-07T13:26:44","modified_gmt":"2026-01-07T10:26:44","slug":"xxl-boga","status":"publish","type":"product","link":"https:\/\/bobbocrafts.com\/index.php\/urun\/xxl-boga\/","title":{"rendered":"XXL BO\u011eA v2"},"content":{"rendered":"<p style=\"text-align: center;\"><em><strong>Bobbocrafts<\/strong><\/em> XXL BO\u011eA v2 &#8211; Metal, El yap\u0131m\u0131 BO\u011eA Heykeli<\/p>\n<p style=\"text-align: center;\">\u00a0Boyutlar:<br \/>\n135cmx100cmx53cm (Derinlik, y\u00fckseklik, en)<br \/>\nA\u011f\u0131rl\u0131k: 26KG<br \/>\nAt\u00f6lyede montaj s\u00fcresi :\u00b1 38 saat ( %100 el ile montaj, s\u00fcre bilgi ama\u00e7l\u0131d\u0131r. )<br \/>\n1 mm paslanmaz metal plaka \u00fczeri neme ve \u0131s\u0131ya dayan\u0131kl\u0131 elektrostatik f\u0131r\u0131n boya<br \/>\nTasar\u0131m monte edilmi\u015f, kullan\u0131ma haz\u0131r \u015fekilde ula\u015ft\u0131r\u0131lacakt\u0131r.<br \/>\nT\u00fcm \u00fcr\u00fcnler neme, \u0131s\u0131ya ve paslanmaya dayan\u0131kl\u0131d\u0131r.<\/p>\n<p style=\"text-align: center;\">Ayd\u0131nlatma tesisat\u0131 d\u0131\u015f mekan kullan\u0131m\u0131na uygun slikonlu RGB Kumandal\u0131d\u0131r. Kumandadan diledi\u011finiz rengi a\u00e7abilirsiniz.<\/p>\n<p style=\"text-align: center;\">Hem i\u00e7 hem d\u0131\u015f mekanda kullan\u0131ma m\u00fcsaittir.<\/p>\n","protected":false},"excerpt":{"rendered":"<p style=\"text-align: center;\"><em><strong>Bobbocrafts<\/strong><\/em> XXL BO\u011eA v2 &#8211; Metal, El yap\u0131m\u0131 BO\u011eA Heykeli<\/p>\n<p style=\"text-align: center;\">\u00a0Boyutlar:<br \/>\n135cmx100cmx53cm (Derinlik, y\u00fckseklik, en)<br \/>\nA\u011f\u0131rl\u0131k: 26KG<br \/>\nAt\u00f6lyede montaj s\u00fcresi :\u00b1 38 saat ( %100 el ile montaj, s\u00fcre bilgi ama\u00e7l\u0131d\u0131r. )<br \/>\n1 mm paslanmaz metal plaka \u00fczeri neme ve \u0131s\u0131ya dayan\u0131kl\u0131 elektrostatik f\u0131r\u0131n boya<br \/>\nTasar\u0131m monte edilmi\u015f, kullan\u0131ma haz\u0131r \u015fekilde ula\u015ft\u0131r\u0131lacakt\u0131r.<br \/>\nT\u00fcm \u00fcr\u00fcnler neme, \u0131s\u0131ya ve paslanmaya dayan\u0131kl\u0131d\u0131r.<\/p>\n<p style=\"text-align: center;\">Ayd\u0131nlatma tesisat\u0131 d\u0131\u015f mekan kullan\u0131m\u0131na uygun slikonlu RGB Kumandal\u0131d\u0131r. Kumandadan diledi\u011finiz rengi a\u00e7abilirsiniz.<\/p>\n<p style=\"text-align: center;\">Hem i\u00e7 hem d\u0131\u015f mekanda kullan\u0131ma m\u00fcsaittir.<\/p>\n","protected":false},"featured_media":4035,"comment_status":"open","ping_status":"closed","template":"","meta":{"om_disable_all_campaigns":false,"_monsterinsights_skip_tracking":false,"_monsterinsights_sitenote_active":false,"_monsterinsights_sitenote_note":"","_monsterinsights_sitenote_category":0,"site-sidebar-layout":"default","site-content-layout":"default","ast-site-content-layout":"default","site-content-style":"default","site-sidebar-style":"default","ast-global-header-display":"","ast-banner-title-visibility":"","ast-main-header-display":"","ast-hfb-above-header-display":"","ast-hfb-below-header-display":"","ast-hfb-mobile-header-display":"","site-post-title":"","ast-breadcrumbs-content":"","ast-featured-img":"","footer-sml-layout":"","theme-transparent-header-meta":"default","adv-header-id-meta":"","stick-header-meta":"","header-above-stick-meta":"","header-main-stick-meta":"","header-below-stick-meta":"","astra-migrate-meta-layouts":"set","ast-page-background-enabled":"default","ast-page-background-meta":{"desktop":{"background-color":"","background-image":"","background-repeat":"repeat","background-position":"center center","background-size":"auto","background-attachment":"scroll","background-type":"","background-media":"","overlay-type":"","overlay-color":"","overlay-opacity":"","overlay-gradient":""},"tablet":{"background-color":"","background-image":"","background-repeat":"repeat","background-position":"center center","background-size":"auto","background-attachment":"scroll","background-type":"","background-media":"","overlay-type":"","overlay-color":"","overlay-opacity":"","overlay-gradient":""},"mobile":{"background-color":"","background-image":"","background-repeat":"repeat","background-position":"center center","background-size":"auto","background-attachment":"scroll","background-type":"","background-media":"","overlay-type":"","overlay-color":"","overlay-opacity":"","overlay-gradient":""}},"ast-content-background-meta":{"desktop":{"background-color":"var(--ast-global-color-5)","background-image":"","background-repeat":"repeat","background-position":"center center","background-size":"auto","background-attachment":"scroll","background-type":"","background-media":"","overlay-type":"","overlay-color":"","overlay-opacity":"","overlay-gradient":""},"tablet":{"background-color":"var(--ast-global-color-5)","background-image":"","background-repeat":"repeat","background-position":"center center","background-size":"auto","background-attachment":"scroll","background-type":"","background-media":"","overlay-type":"","overlay-color":"","overlay-opacity":"","overlay-gradient":""},"mobile":{"background-color":"var(--ast-global-color-5)","background-image":"","background-repeat":"repeat","background-position":"center center","background-size":"auto","background-attachment":"scroll","background-type":"","background-media":"","overlay-type":"","overlay-color":"","overlay-opacity":"","overlay-gradient":""}}},"product_cat":[55],"product_tag":[148,166],"class_list":["post-4013","product","type-product","status-publish","has-post-thumbnail","hentry","product_cat-xlurunler","product_tag-boga","product_tag-xl-boga","desktop-align-left","tablet-align-left","mobile-align-left"],"yoast_head":"<!-- This site is optimized with the Yoast SEO plugin v19.6.1 - https:\/\/yoast.com\/wordpress\/plugins\/seo\/ -->\n<title>XXL BO\u011eA v2 - Bobbocrafts 3D Metal Sanatlar<\/title>\n<meta name=\"description\" content=\"XL BO\u011eA - Matadorlar\u0131n avc\u0131s\u0131, y\u00fckseli\u015fin simgesi, hedefleri do\u011frultusunda ilerlerken, t\u00fcm dikkatleri \u00fcst\u00fcne \u00e7ekenlerin tercihi XL BO\u011eA modelimiz.\" \/>\n<meta name=\"robots\" content=\"index, follow, max-snippet:-1, max-image-preview:large, max-video-preview:-1\" \/>\n<link rel=\"canonical\" href=\"https:\/\/bobbocrafts.com\/index.php\/urun\/xxl-boga\/\" \/>\n<meta property=\"og:locale\" content=\"tr_TR\" \/>\n<meta property=\"og:type\" content=\"article\" \/>\n<meta property=\"og:title\" content=\"XXL BO\u011eA v2 - Bobbocrafts 3D Metal Sanatlar\" \/>\n<meta property=\"og:description\" content=\"XL BO\u011eA - Matadorlar\u0131n avc\u0131s\u0131, y\u00fckseli\u015fin simgesi, hedefleri do\u011frultusunda ilerlerken, t\u00fcm dikkatleri \u00fcst\u00fcne \u00e7ekenlerin tercihi XL BO\u011eA modelimiz.\" \/>\n<meta property=\"og:url\" content=\"https:\/\/bobbocrafts.com\/index.php\/urun\/xxl-boga\/\" \/>\n<meta property=\"og:site_name\" content=\"Bobbocrafts\" \/>\n<meta property=\"article:publisher\" content=\"https:\/\/www.facebook.com\/profile.php?id=100067798650287\" \/>\n<meta property=\"article:modified_time\" content=\"2026-01-07T10:26:44+00:00\" \/>\n<meta property=\"og:image\" content=\"http:\/\/bobbocrafts.com\/wp-content\/uploads\/2024\/02\/IMG_9476-scaled.jpg\" \/>\n\t<meta property=\"og:image:width\" content=\"1920\" \/>\n\t<meta property=\"og:image:height\" content=\"2560\" \/>\n\t<meta property=\"og:image:type\" content=\"image\/jpeg\" \/>\n<meta name=\"twitter:card\" content=\"summary_large_image\" \/>\n<meta name=\"twitter:label1\" content=\"Tahmini okuma s\u00fcresi\" \/>\n\t<meta name=\"twitter:data1\" content=\"1 dakika\" \/>\n<script type=\"application\/ld+json\" class=\"yoast-schema-graph\">{\"@context\":\"https:\/\/schema.org\",\"@graph\":[{\"@type\":\"WebPage\",\"@id\":\"https:\/\/bobbocrafts.com\/index.php\/urun\/xxl-boga\/\",\"url\":\"https:\/\/bobbocrafts.com\/index.php\/urun\/xxl-boga\/\",\"name\":\"XXL BO\u011eA v2 - Bobbocrafts 3D Metal Sanatlar\",\"isPartOf\":{\"@id\":\"https:\/\/bobbocrafts.com\/#website\"},\"datePublished\":\"2024-02-02T10:43:14+00:00\",\"dateModified\":\"2026-01-07T10:26:44+00:00\",\"description\":\"XL BO\u011eA - Matadorlar\u0131n avc\u0131s\u0131, y\u00fckseli\u015fin simgesi, hedefleri do\u011frultusunda ilerlerken, t\u00fcm dikkatleri \u00fcst\u00fcne \u00e7ekenlerin tercihi XL BO\u011eA modelimiz.\",\"breadcrumb\":{\"@id\":\"https:\/\/bobbocrafts.com\/index.php\/urun\/xxl-boga\/#breadcrumb\"},\"inLanguage\":\"tr\",\"potentialAction\":[{\"@type\":\"ReadAction\",\"target\":[\"https:\/\/bobbocrafts.com\/index.php\/urun\/xxl-boga\/\"]}]},{\"@type\":\"BreadcrumbList\",\"@id\":\"https:\/\/bobbocrafts.com\/index.php\/urun\/xxl-boga\/#breadcrumb\",\"itemListElement\":[{\"@type\":\"ListItem\",\"position\":1,\"name\":\"Anasayfa\",\"item\":\"https:\/\/bobbocrafts.com\/\"},{\"@type\":\"ListItem\",\"position\":2,\"name\":\"Ma\u011faza\",\"item\":\"https:\/\/bobbocrafts.com\/index.php\/store\/\"},{\"@type\":\"ListItem\",\"position\":3,\"name\":\"XXL BO\u011eA v2\"}]},{\"@type\":\"WebSite\",\"@id\":\"https:\/\/bobbocrafts.com\/#website\",\"url\":\"https:\/\/bobbocrafts.com\/\",\"name\":\"Bobbocrafts\",\"description\":\"3D Metal Sanatlar\",\"publisher\":{\"@id\":\"https:\/\/bobbocrafts.com\/#organization\"},\"potentialAction\":[{\"@type\":\"SearchAction\",\"target\":{\"@type\":\"EntryPoint\",\"urlTemplate\":\"https:\/\/bobbocrafts.com\/?s={search_term_string}\"},\"query-input\":\"required name=search_term_string\"}],\"inLanguage\":\"tr\"},{\"@type\":\"Organization\",\"@id\":\"https:\/\/bobbocrafts.com\/#organization\",\"name\":\"Bobbocrafts\",\"url\":\"https:\/\/bobbocrafts.com\/\",\"sameAs\":[\"https:\/\/www.instagram.com\/bobbocrafts\/\",\"https:\/\/www.facebook.com\/profile.php?id=100067798650287\"],\"logo\":{\"@type\":\"ImageObject\",\"inLanguage\":\"tr\",\"@id\":\"https:\/\/bobbocrafts.com\/#\/schema\/logo\/image\/\",\"url\":\"https:\/\/bobbocrafts.com\/wp-content\/uploads\/2022\/09\/cropped-bobbocrafts-2-2.png\",\"contentUrl\":\"https:\/\/bobbocrafts.com\/wp-content\/uploads\/2022\/09\/cropped-bobbocrafts-2-2.png\",\"width\":1048,\"height\":673,\"caption\":\"Bobbocrafts\"},\"image\":{\"@id\":\"https:\/\/bobbocrafts.com\/#\/schema\/logo\/image\/\"}}]}<\/script>\n<!-- \/ Yoast SEO plugin. -->","yoast_head_json":{"title":"XXL BO\u011eA v2 - Bobbocrafts 3D Metal Sanatlar","description":"XL BO\u011eA - Matadorlar\u0131n avc\u0131s\u0131, y\u00fckseli\u015fin simgesi, hedefleri do\u011frultusunda ilerlerken, t\u00fcm dikkatleri \u00fcst\u00fcne \u00e7ekenlerin tercihi XL BO\u011eA modelimiz.","robots":{"index":"index","follow":"follow","max-snippet":"max-snippet:-1","max-image-preview":"max-image-preview:large","max-video-preview":"max-video-preview:-1"},"canonical":"https:\/\/bobbocrafts.com\/index.php\/urun\/xxl-boga\/","og_locale":"tr_TR","og_type":"article","og_title":"XXL BO\u011eA v2 - Bobbocrafts 3D Metal Sanatlar","og_description":"XL BO\u011eA - Matadorlar\u0131n avc\u0131s\u0131, y\u00fckseli\u015fin simgesi, hedefleri do\u011frultusunda ilerlerken, t\u00fcm dikkatleri \u00fcst\u00fcne \u00e7ekenlerin tercihi XL BO\u011eA modelimiz.","og_url":"https:\/\/bobbocrafts.com\/index.php\/urun\/xxl-boga\/","og_site_name":"Bobbocrafts","article_publisher":"https:\/\/www.facebook.com\/profile.php?id=100067798650287","article_modified_time":"2026-01-07T10:26:44+00:00","og_image":[{"width":1920,"height":2560,"url":"http:\/\/bobbocrafts.com\/wp-content\/uploads\/2024\/02\/IMG_9476-scaled.jpg","type":"image\/jpeg"}],"twitter_card":"summary_large_image","twitter_misc":{"Tahmini okuma s\u00fcresi":"1 dakika"},"schema":{"@context":"https:\/\/schema.org","@graph":[{"@type":"WebPage","@id":"https:\/\/bobbocrafts.com\/index.php\/urun\/xxl-boga\/","url":"https:\/\/bobbocrafts.com\/index.php\/urun\/xxl-boga\/","name":"XXL BO\u011eA v2 - Bobbocrafts 3D Metal Sanatlar","isPartOf":{"@id":"https:\/\/bobbocrafts.com\/#website"},"datePublished":"2024-02-02T10:43:14+00:00","dateModified":"2026-01-07T10:26:44+00:00","description":"XL BO\u011eA - Matadorlar\u0131n avc\u0131s\u0131, y\u00fckseli\u015fin simgesi, hedefleri do\u011frultusunda ilerlerken, t\u00fcm dikkatleri \u00fcst\u00fcne \u00e7ekenlerin tercihi XL BO\u011eA modelimiz.","breadcrumb":{"@id":"https:\/\/bobbocrafts.com\/index.php\/urun\/xxl-boga\/#breadcrumb"},"inLanguage":"tr","potentialAction":[{"@type":"ReadAction","target":["https:\/\/bobbocrafts.com\/index.php\/urun\/xxl-boga\/"]}]},{"@type":"BreadcrumbList","@id":"https:\/\/bobbocrafts.com\/index.php\/urun\/xxl-boga\/#breadcrumb","itemListElement":[{"@type":"ListItem","position":1,"name":"Anasayfa","item":"https:\/\/bobbocrafts.com\/"},{"@type":"ListItem","position":2,"name":"Ma\u011faza","item":"https:\/\/bobbocrafts.com\/index.php\/store\/"},{"@type":"ListItem","position":3,"name":"XXL BO\u011eA v2"}]},{"@type":"WebSite","@id":"https:\/\/bobbocrafts.com\/#website","url":"https:\/\/bobbocrafts.com\/","name":"Bobbocrafts","description":"3D Metal Sanatlar","publisher":{"@id":"https:\/\/bobbocrafts.com\/#organization"},"potentialAction":[{"@type":"SearchAction","target":{"@type":"EntryPoint","urlTemplate":"https:\/\/bobbocrafts.com\/?s={search_term_string}"},"query-input":"required name=search_term_string"}],"inLanguage":"tr"},{"@type":"Organization","@id":"https:\/\/bobbocrafts.com\/#organization","name":"Bobbocrafts","url":"https:\/\/bobbocrafts.com\/","sameAs":["https:\/\/www.instagram.com\/bobbocrafts\/","https:\/\/www.facebook.com\/profile.php?id=100067798650287"],"logo":{"@type":"ImageObject","inLanguage":"tr","@id":"https:\/\/bobbocrafts.com\/#\/schema\/logo\/image\/","url":"https:\/\/bobbocrafts.com\/wp-content\/uploads\/2022\/09\/cropped-bobbocrafts-2-2.png","contentUrl":"https:\/\/bobbocrafts.com\/wp-content\/uploads\/2022\/09\/cropped-bobbocrafts-2-2.png","width":1048,"height":673,"caption":"Bobbocrafts"},"image":{"@id":"https:\/\/bobbocrafts.com\/#\/schema\/logo\/image\/"}}]}},"_links":{"self":[{"href":"https:\/\/bobbocrafts.com\/index.php\/wp-json\/wp\/v2\/product\/4013","targetHints":{"allow":["GET"]}}],"collection":[{"href":"https:\/\/bobbocrafts.com\/index.php\/wp-json\/wp\/v2\/product"}],"about":[{"href":"https:\/\/bobbocrafts.com\/index.php\/wp-json\/wp\/v2\/types\/product"}],"replies":[{"embeddable":true,"href":"https:\/\/bobbocrafts.com\/index.php\/wp-json\/wp\/v2\/comments?post=4013"}],"wp:featuredmedia":[{"embeddable":true,"href":"https:\/\/bobbocrafts.com\/index.php\/wp-json\/wp\/v2\/media\/4035"}],"wp:attachment":[{"href":"https:\/\/bobbocrafts.com\/index.php\/wp-json\/wp\/v2\/media?parent=4013"}],"wp:term":[{"taxonomy":"product_cat","embeddable":true,"href":"https:\/\/bobbocrafts.com\/index.php\/wp-json\/wp\/v2\/product_cat?post=4013"},{"taxonomy":"product_tag","embeddable":true,"href":"https:\/\/bobbocrafts.com\/index.php\/wp-json\/wp\/v2\/product_tag?post=4013"}],"curies":[{"name":"wp","href":"https:\/\/api.w.org\/{rel}","templated":true}]}}