{"id":59,"date":"2020-09-16T05:16:41","date_gmt":"2020-09-16T05:16:41","guid":{"rendered":"https:\/\/bobbocrafts.com\/index.php\/about\/"},"modified":"2022-09-04T21:40:53","modified_gmt":"2022-09-04T18:40:53","slug":"about","status":"publish","type":"page","link":"https:\/\/bobbocrafts.com\/index.php\/about\/","title":{"rendered":"Hakk\u0131m\u0131zda"},"content":{"rendered":"\n<div class=\"wp-block-uagb-container uagb-block-8df934c6 alignfull uagb-is-root-container\"><div class=\"uagb-container-inner-blocks-wrap\">\n<div class=\"wp-block-uagb-advanced-heading uagb-block-f6c09d75\"><h1 class=\"uagb-heading-text\">Biz Kimiz ?<\/h1><\/div>\n<\/div><\/div>\n\n\n\n<div class=\"wp-block-uagb-container uagb-block-39deadc7 alignfull uagb-is-root-container\"><div class=\"uagb-container-inner-blocks-wrap\">\n<div class=\"wp-block-uagb-container uagb-block-88e99b0e\">\n<div class=\"wp-block-uagb-container uagb-block-3c98a858\">\n<div class=\"wp-block-uagb-info-box uagb-block-002c58a1 uagb-infobox__content-wrap  uagb-infobox-icon-above-title uagb-infobox-image-valign-top\"><div class=\"uagb-ifb-content\"><div class=\"uagb-ifb-title-wrap\"><div class=\"uagb-ifb-separator\"><\/div><h2 class=\"uagb-ifb-title\">Biz kimiz ?<\/h2><\/div><p class=\"uagb-ifb-desc\">Bizleri tercih etti\u011finiz i\u00e7in te\u015fekk\u00fcr ederiz. Her g\u00fcn tasar\u0131mlar\u0131m\u0131za bir yenisini eklemekteyiz. Bizden ald\u0131\u011f\u0131n\u0131z \u00fcr\u00fcnlerin t\u00fcm\u00fc \u00f6m\u00fcr boyu garantili \u00fcr\u00fcnlerdir, g\u00f6n\u00fcl rahatl\u0131\u011f\u0131yla kullanabilirsiniz. <br><br>BOBBOCRAFTS LTD.  STI.<\/p><\/div><\/div>\n<\/div>\n\n\n\n<div class=\"wp-block-uagb-container uagb-block-ed6051bb\"><\/div>\n<\/div>\n<\/div><\/div>\n\n\n\n<div class=\"wp-block-uagb-container uagb-block-0cef835c alignfull uagb-is-root-container\"><div class=\"uagb-container-inner-blocks-wrap\">\n<div class=\"wp-block-uagb-container uagb-block-e9ff4bc5\">\n<div class=\"wp-block-uagb-info-box uagb-block-d210e31a uagb-infobox__content-wrap  uagb-infobox-icon-above-title uagb-infobox-image-valign-top\"><div class=\"uagb-ifb-content\"><div class=\"uagb-ifb-title-wrap\"><div class=\"uagb-ifb-separator\"><\/div><h2 class=\"uagb-ifb-title\">Bizi Takip Edin<\/h2><\/div><\/div><\/div>\n\n\n\n<div class=\"wp-block-uagb-call-to-action uagb-block-cdce1661 wp-block-button\"><div class=\"uagb-cta__wrap\"><\/div><div class=\"uagb-cta__buttons\"><a href=\"https:\/\/www.instagram.com\/bobbocrafts\/\" class=\"uagb-cta__button-link-wrapper wp-block-button__link\" target=\"_blank\" rel=\"noopener noreferrer\"><svg xmlns=\"https:\/\/www.w3.org\/2000\/svg\" viewBox=\"0 0 448 512\"><path d=\"M224.1 141c-63.6 0-114.9 51.3-114.9 114.9s51.3 114.9 114.9 114.9S339 319.5 339 255.9 287.7 141 224.1 141zm0 189.6c-41.1 0-74.7-33.5-74.7-74.7s33.5-74.7 74.7-74.7 74.7 33.5 74.7 74.7-33.6 74.7-74.7 74.7zm146.4-194.3c0 14.9-12 26.8-26.8 26.8-14.9 0-26.8-12-26.8-26.8s12-26.8 26.8-26.8 26.8 12 26.8 26.8zm76.1 27.2c-1.7-35.9-9.9-67.7-36.2-93.9-26.2-26.2-58-34.4-93.9-36.2-37-2.1-147.9-2.1-184.9 0-35.8 1.7-67.6 9.9-93.9 36.1s-34.4 58-36.2 93.9c-2.1 37-2.1 147.9 0 184.9 1.7 35.9 9.9 67.7 36.2 93.9s58 34.4 93.9 36.2c37 2.1 147.9 2.1 184.9 0 35.9-1.7 67.7-9.9 93.9-36.2 26.2-26.2 34.4-58 36.2-93.9 2.1-37 2.1-147.8 0-184.8zM398.8 388c-7.8 19.6-22.9 34.7-42.6 42.6-29.5 11.7-99.5 9-132.1 9s-102.7 2.6-132.1-9c-19.6-7.8-34.7-22.9-42.6-42.6-11.7-29.5-9-99.5-9-132.1s-2.6-102.7 9-132.1c7.8-19.6 22.9-34.7 42.6-42.6 29.5-11.7 99.5-9 132.1-9s102.7-2.6 132.1 9c19.6 7.8 34.7 22.9 42.6 42.6 11.7 29.5 9 99.5 9 132.1s2.7 102.7-9 132.1z\"><\/path><\/svg><\/a><\/div><\/div>\n<\/div>\n<\/div><\/div>\n","protected":false},"excerpt":{"rendered":"","protected":false},"author":1,"featured_media":0,"parent":0,"menu_order":0,"comment_status":"closed","ping_status":"closed","template":"","meta":{"om_disable_all_campaigns":false,"_monsterinsights_skip_tracking":false,"_monsterinsights_sitenote_active":false,"_monsterinsights_sitenote_note":"","_monsterinsights_sitenote_category":0,"site-sidebar-layout":"no-sidebar","site-content-layout":"plain-container","ast-site-content-layout":"default","site-content-style":"default","site-sidebar-style":"default","ast-global-header-display":"","ast-banner-title-visibility":"","ast-main-header-display":"","ast-hfb-above-header-display":"","ast-hfb-below-header-display":"","ast-hfb-mobile-header-display":"","site-post-title":"disabled","ast-breadcrumbs-content":"","ast-featured-img":"","footer-sml-layout":"","theme-transparent-header-meta":"enabled","adv-header-id-meta":"","stick-header-meta":"","header-above-stick-meta":"","header-main-stick-meta":"","header-below-stick-meta":"","astra-migrate-meta-layouts":"default","ast-page-background-enabled":"default","ast-page-background-meta":{"desktop":{"background-color":"","background-image":"","background-repeat":"repeat","background-position":"center center","background-size":"auto","background-attachment":"scroll","background-type":"","background-media":"","overlay-type":"","overlay-color":"","overlay-opacity":"","overlay-gradient":""},"tablet":{"background-color":"","background-image":"","background-repeat":"repeat","background-position":"center center","background-size":"auto","background-attachment":"scroll","background-type":"","background-media":"","overlay-type":"","overlay-color":"","overlay-opacity":"","overlay-gradient":""},"mobile":{"background-color":"","background-image":"","background-repeat":"repeat","background-position":"center center","background-size":"auto","background-attachment":"scroll","background-type":"","background-media":"","overlay-type":"","overlay-color":"","overlay-opacity":"","overlay-gradient":""}},"ast-content-background-meta":{"desktop":{"background-color":"var(--ast-global-color-5)","background-image":"","background-repeat":"repeat","background-position":"center center","background-size":"auto","background-attachment":"scroll","background-type":"","background-media":"","overlay-type":"","overlay-color":"","overlay-opacity":"","overlay-gradient":""},"tablet":{"background-color":"var(--ast-global-color-5)","background-image":"","background-repeat":"repeat","background-position":"center center","background-size":"auto","background-attachment":"scroll","background-type":"","background-media":"","overlay-type":"","overlay-color":"","overlay-opacity":"","overlay-gradient":""},"mobile":{"background-color":"var(--ast-global-color-5)","background-image":"","background-repeat":"repeat","background-position":"center center","background-size":"auto","background-attachment":"scroll","background-type":"","background-media":"","overlay-type":"","overlay-color":"","overlay-opacity":"","overlay-gradient":""}},"footnotes":""},"class_list":["post-59","page","type-page","status-publish","hentry"],"yoast_head":"<!-- This site is optimized with the Yoast SEO plugin v19.6.1 - https:\/\/yoast.com\/wordpress\/plugins\/seo\/ -->\n<title>Hakk\u0131m\u0131zda - Bobbocrafts<\/title>\n<meta name=\"robots\" content=\"index, follow, max-snippet:-1, max-image-preview:large, max-video-preview:-1\" \/>\n<link rel=\"canonical\" href=\"https:\/\/bobbocrafts.com\/index.php\/about\/\" \/>\n<meta property=\"og:locale\" content=\"tr_TR\" \/>\n<meta property=\"og:type\" content=\"article\" \/>\n<meta property=\"og:title\" content=\"Hakk\u0131m\u0131zda - Bobbocrafts\" \/>\n<meta property=\"og:url\" content=\"https:\/\/bobbocrafts.com\/index.php\/about\/\" \/>\n<meta property=\"og:site_name\" content=\"Bobbocrafts\" \/>\n<meta property=\"article:publisher\" content=\"https:\/\/www.facebook.com\/profile.php?id=100067798650287\" \/>\n<meta property=\"article:modified_time\" content=\"2022-09-04T18:40:53+00:00\" \/>\n<meta name=\"twitter:card\" content=\"summary_large_image\" \/>\n<meta name=\"twitter:label1\" content=\"Tahmini okuma s\u00fcresi\" \/>\n\t<meta name=\"twitter:data1\" content=\"3 dakika\" \/>\n<script type=\"application\/ld+json\" class=\"yoast-schema-graph\">{\"@context\":\"https:\/\/schema.org\",\"@graph\":[{\"@type\":\"WebPage\",\"@id\":\"https:\/\/bobbocrafts.com\/index.php\/about\/\",\"url\":\"https:\/\/bobbocrafts.com\/index.php\/about\/\",\"name\":\"Hakk\u0131m\u0131zda - Bobbocrafts\",\"isPartOf\":{\"@id\":\"https:\/\/bobbocrafts.com\/#website\"},\"datePublished\":\"2020-09-16T05:16:41+00:00\",\"dateModified\":\"2022-09-04T18:40:53+00:00\",\"breadcrumb\":{\"@id\":\"https:\/\/bobbocrafts.com\/index.php\/about\/#breadcrumb\"},\"inLanguage\":\"tr\",\"potentialAction\":[{\"@type\":\"ReadAction\",\"target\":[\"https:\/\/bobbocrafts.com\/index.php\/about\/\"]}]},{\"@type\":\"BreadcrumbList\",\"@id\":\"https:\/\/bobbocrafts.com\/index.php\/about\/#breadcrumb\",\"itemListElement\":[{\"@type\":\"ListItem\",\"position\":1,\"name\":\"Anasayfa\",\"item\":\"https:\/\/bobbocrafts.com\/\"},{\"@type\":\"ListItem\",\"position\":2,\"name\":\"Hakk\u0131m\u0131zda\"}]},{\"@type\":\"WebSite\",\"@id\":\"https:\/\/bobbocrafts.com\/#website\",\"url\":\"https:\/\/bobbocrafts.com\/\",\"name\":\"Bobbocrafts\",\"description\":\"3D Metal Sanatlar\",\"publisher\":{\"@id\":\"https:\/\/bobbocrafts.com\/#organization\"},\"potentialAction\":[{\"@type\":\"SearchAction\",\"target\":{\"@type\":\"EntryPoint\",\"urlTemplate\":\"https:\/\/bobbocrafts.com\/?s={search_term_string}\"},\"query-input\":\"required name=search_term_string\"}],\"inLanguage\":\"tr\"},{\"@type\":\"Organization\",\"@id\":\"https:\/\/bobbocrafts.com\/#organization\",\"name\":\"Bobbocrafts\",\"url\":\"https:\/\/bobbocrafts.com\/\",\"sameAs\":[\"https:\/\/www.instagram.com\/bobbocrafts\/\",\"https:\/\/www.facebook.com\/profile.php?id=100067798650287\"],\"logo\":{\"@type\":\"ImageObject\",\"inLanguage\":\"tr\",\"@id\":\"https:\/\/bobbocrafts.com\/#\/schema\/logo\/image\/\",\"url\":\"https:\/\/bobbocrafts.com\/wp-content\/uploads\/2022\/09\/cropped-bobbocrafts-2-2.png\",\"contentUrl\":\"https:\/\/bobbocrafts.com\/wp-content\/uploads\/2022\/09\/cropped-bobbocrafts-2-2.png\",\"width\":1048,\"height\":673,\"caption\":\"Bobbocrafts\"},\"image\":{\"@id\":\"https:\/\/bobbocrafts.com\/#\/schema\/logo\/image\/\"}}]}<\/script>\n<!-- \/ Yoast SEO plugin. -->","yoast_head_json":{"title":"Hakk\u0131m\u0131zda - Bobbocrafts","robots":{"index":"index","follow":"follow","max-snippet":"max-snippet:-1","max-image-preview":"max-image-preview:large","max-video-preview":"max-video-preview:-1"},"canonical":"https:\/\/bobbocrafts.com\/index.php\/about\/","og_locale":"tr_TR","og_type":"article","og_title":"Hakk\u0131m\u0131zda - Bobbocrafts","og_url":"https:\/\/bobbocrafts.com\/index.php\/about\/","og_site_name":"Bobbocrafts","article_publisher":"https:\/\/www.facebook.com\/profile.php?id=100067798650287","article_modified_time":"2022-09-04T18:40:53+00:00","twitter_card":"summary_large_image","twitter_misc":{"Tahmini okuma s\u00fcresi":"3 dakika"},"schema":{"@context":"https:\/\/schema.org","@graph":[{"@type":"WebPage","@id":"https:\/\/bobbocrafts.com\/index.php\/about\/","url":"https:\/\/bobbocrafts.com\/index.php\/about\/","name":"Hakk\u0131m\u0131zda - Bobbocrafts","isPartOf":{"@id":"https:\/\/bobbocrafts.com\/#website"},"datePublished":"2020-09-16T05:16:41+00:00","dateModified":"2022-09-04T18:40:53+00:00","breadcrumb":{"@id":"https:\/\/bobbocrafts.com\/index.php\/about\/#breadcrumb"},"inLanguage":"tr","potentialAction":[{"@type":"ReadAction","target":["https:\/\/bobbocrafts.com\/index.php\/about\/"]}]},{"@type":"BreadcrumbList","@id":"https:\/\/bobbocrafts.com\/index.php\/about\/#breadcrumb","itemListElement":[{"@type":"ListItem","position":1,"name":"Anasayfa","item":"https:\/\/bobbocrafts.com\/"},{"@type":"ListItem","position":2,"name":"Hakk\u0131m\u0131zda"}]},{"@type":"WebSite","@id":"https:\/\/bobbocrafts.com\/#website","url":"https:\/\/bobbocrafts.com\/","name":"Bobbocrafts","description":"3D Metal Sanatlar","publisher":{"@id":"https:\/\/bobbocrafts.com\/#organization"},"potentialAction":[{"@type":"SearchAction","target":{"@type":"EntryPoint","urlTemplate":"https:\/\/bobbocrafts.com\/?s={search_term_string}"},"query-input":"required name=search_term_string"}],"inLanguage":"tr"},{"@type":"Organization","@id":"https:\/\/bobbocrafts.com\/#organization","name":"Bobbocrafts","url":"https:\/\/bobbocrafts.com\/","sameAs":["https:\/\/www.instagram.com\/bobbocrafts\/","https:\/\/www.facebook.com\/profile.php?id=100067798650287"],"logo":{"@type":"ImageObject","inLanguage":"tr","@id":"https:\/\/bobbocrafts.com\/#\/schema\/logo\/image\/","url":"https:\/\/bobbocrafts.com\/wp-content\/uploads\/2022\/09\/cropped-bobbocrafts-2-2.png","contentUrl":"https:\/\/bobbocrafts.com\/wp-content\/uploads\/2022\/09\/cropped-bobbocrafts-2-2.png","width":1048,"height":673,"caption":"Bobbocrafts"},"image":{"@id":"https:\/\/bobbocrafts.com\/#\/schema\/logo\/image\/"}}]}},"uagb_featured_image_src":{"full":false,"thumbnail":false,"medium":false,"medium_large":false,"large":false,"1536x1536":false,"2048x2048":false,"woocommerce_thumbnail":false,"woocommerce_single":false,"woocommerce_gallery_thumbnail":false},"uagb_author_info":{"display_name":"bobbocrafts","author_link":"https:\/\/bobbocrafts.com\/index.php\/author\/bobbocrafts\/"},"uagb_comment_info":0,"uagb_excerpt":null,"_links":{"self":[{"href":"https:\/\/bobbocrafts.com\/index.php\/wp-json\/wp\/v2\/pages\/59","targetHints":{"allow":["GET"]}}],"collection":[{"href":"https:\/\/bobbocrafts.com\/index.php\/wp-json\/wp\/v2\/pages"}],"about":[{"href":"https:\/\/bobbocrafts.com\/index.php\/wp-json\/wp\/v2\/types\/page"}],"author":[{"embeddable":true,"href":"https:\/\/bobbocrafts.com\/index.php\/wp-json\/wp\/v2\/users\/1"}],"replies":[{"embeddable":true,"href":"https:\/\/bobbocrafts.com\/index.php\/wp-json\/wp\/v2\/comments?post=59"}],"version-history":[{"count":8,"href":"https:\/\/bobbocrafts.com\/index.php\/wp-json\/wp\/v2\/pages\/59\/revisions"}],"predecessor-version":[{"id":2694,"href":"https:\/\/bobbocrafts.com\/index.php\/wp-json\/wp\/v2\/pages\/59\/revisions\/2694"}],"wp:attachment":[{"href":"https:\/\/bobbocrafts.com\/index.php\/wp-json\/wp\/v2\/media?parent=59"}],"curies":[{"name":"wp","href":"https:\/\/api.w.org\/{rel}","templated":true}]}}