{"id":2594,"date":"2022-09-04T18:43:28","date_gmt":"2022-09-04T15:43:28","guid":{"rendered":"https:\/\/bobbocrafts.com\/?page_id=2594"},"modified":"2022-09-04T20:08:56","modified_gmt":"2022-09-04T17:08:56","slug":"malzemeler-2","status":"publish","type":"page","link":"https:\/\/bobbocrafts.com\/index.php\/malzemeler-2\/","title":{"rendered":"\u00dcr\u00fcnlerimiz hangi t\u00fcr malzemelere sahip?"},"content":{"rendered":"\n<figure class=\"wp-block-image aligncenter size-large is-resized\"><img loading=\"lazy\" decoding=\"async\" src=\"http:\/\/bobbocrafts.com\/wp-content\/uploads\/2022\/09\/WhatsApp-Image-2022-09-03-at-15.15.04-768x1024.jpeg\" alt=\"\" class=\"wp-image-2553\" width=\"768\" height=\"1024\" srcset=\"https:\/\/bobbocrafts.com\/wp-content\/uploads\/2022\/09\/WhatsApp-Image-2022-09-03-at-15.15.04-768x1024.jpeg 768w, https:\/\/bobbocrafts.com\/wp-content\/uploads\/2022\/09\/WhatsApp-Image-2022-09-03-at-15.15.04-225x300.jpeg 225w, https:\/\/bobbocrafts.com\/wp-content\/uploads\/2022\/09\/WhatsApp-Image-2022-09-03-at-15.15.04-1152x1536.jpeg 1152w, https:\/\/bobbocrafts.com\/wp-content\/uploads\/2022\/09\/WhatsApp-Image-2022-09-03-at-15.15.04-600x800.jpeg 600w, https:\/\/bobbocrafts.com\/wp-content\/uploads\/2022\/09\/WhatsApp-Image-2022-09-03-at-15.15.04.jpeg 1536w\" sizes=\"auto, (max-width: 768px) 100vw, 768px\" \/><\/figure>\n\n\n\n<figure class=\"wp-block-image aligncenter size-full is-resized\"><img loading=\"lazy\" decoding=\"async\" src=\"http:\/\/bobbocrafts.com\/wp-content\/uploads\/2022\/09\/1-6.jpg\" alt=\"\" class=\"wp-image-2552\" width=\"767\" height=\"767\" srcset=\"https:\/\/bobbocrafts.com\/wp-content\/uploads\/2022\/09\/1-6.jpg 1000w, https:\/\/bobbocrafts.com\/wp-content\/uploads\/2022\/09\/1-6-300x300.jpg 300w, https:\/\/bobbocrafts.com\/wp-content\/uploads\/2022\/09\/1-6-150x150.jpg 150w, https:\/\/bobbocrafts.com\/wp-content\/uploads\/2022\/09\/1-6-768x768.jpg 768w, https:\/\/bobbocrafts.com\/wp-content\/uploads\/2022\/09\/1-6-600x600.jpg 600w, https:\/\/bobbocrafts.com\/wp-content\/uploads\/2022\/09\/1-6-100x100.jpg 100w\" sizes=\"auto, (max-width: 767px) 100vw, 767px\" \/><\/figure>\n\n\n\n<figure class=\"wp-block-image aligncenter size-large\"><img loading=\"lazy\" decoding=\"async\" width=\"768\" height=\"1024\" src=\"http:\/\/bobbocrafts.com\/wp-content\/uploads\/2022\/09\/WhatsApp-Image-2022-09-03-at-15.15.04-2-768x1024.jpeg\" alt=\"\" class=\"wp-image-2555\" srcset=\"https:\/\/bobbocrafts.com\/wp-content\/uploads\/2022\/09\/WhatsApp-Image-2022-09-03-at-15.15.04-2-768x1024.jpeg 768w, https:\/\/bobbocrafts.com\/wp-content\/uploads\/2022\/09\/WhatsApp-Image-2022-09-03-at-15.15.04-2-225x300.jpeg 225w, https:\/\/bobbocrafts.com\/wp-content\/uploads\/2022\/09\/WhatsApp-Image-2022-09-03-at-15.15.04-2-1152x1536.jpeg 1152w, https:\/\/bobbocrafts.com\/wp-content\/uploads\/2022\/09\/WhatsApp-Image-2022-09-03-at-15.15.04-2-600x800.jpeg 600w, https:\/\/bobbocrafts.com\/wp-content\/uploads\/2022\/09\/WhatsApp-Image-2022-09-03-at-15.15.04-2.jpeg 1536w\" sizes=\"auto, (max-width: 768px) 100vw, 768px\" \/><\/figure>\n\n\n\n<p class=\"has-text-align-center\"><strong>Titanyum \u00d6zel: <\/strong><br>Titanyum teknolojisi kullan\u0131larak \u00fcretilen t\u00fcm \u00fcr\u00fcnlerimiz en y\u00fcksek kalite malzeme ve i\u015f\u00e7ilik ile \u00fcretilmektedir. Mekan\u0131n\u0131za bu \u00fcr\u00fcnlerimizin yans\u0131t\u0131c\u0131l\u0131\u011f\u0131n\u0131 kullanarak farkl\u0131 bir hava katmak istiyorsan\u0131z en g\u00fczel tercihlerden birisidir.<\/p>\n\n\n\n<figure class=\"wp-block-image aligncenter size-full is-resized\"><img loading=\"lazy\" decoding=\"async\" src=\"http:\/\/bobbocrafts.com\/wp-content\/uploads\/2022\/09\/doberman-altin.jpg\" alt=\"\" class=\"wp-image-2661\" width=\"757\" height=\"757\" srcset=\"https:\/\/bobbocrafts.com\/wp-content\/uploads\/2022\/09\/doberman-altin.jpg 1000w, https:\/\/bobbocrafts.com\/wp-content\/uploads\/2022\/09\/doberman-altin-300x300.jpg 300w, https:\/\/bobbocrafts.com\/wp-content\/uploads\/2022\/09\/doberman-altin-150x150.jpg 150w, https:\/\/bobbocrafts.com\/wp-content\/uploads\/2022\/09\/doberman-altin-768x768.jpg 768w, https:\/\/bobbocrafts.com\/wp-content\/uploads\/2022\/09\/doberman-altin-600x600.jpg 600w, https:\/\/bobbocrafts.com\/wp-content\/uploads\/2022\/09\/doberman-altin-100x100.jpg 100w\" sizes=\"auto, (max-width: 757px) 100vw, 757px\" \/><\/figure>\n\n\n\n<figure class=\"wp-block-image aligncenter size-large is-resized\"><img loading=\"lazy\" decoding=\"async\" src=\"http:\/\/bobbocrafts.com\/wp-content\/uploads\/2022\/09\/WhatsApp-Image-2022-09-02-at-22.13.43-1-768x1024.jpeg\" alt=\"\" class=\"wp-image-2663\" width=\"760\" height=\"1013\" srcset=\"https:\/\/bobbocrafts.com\/wp-content\/uploads\/2022\/09\/WhatsApp-Image-2022-09-02-at-22.13.43-1-768x1024.jpeg 768w, https:\/\/bobbocrafts.com\/wp-content\/uploads\/2022\/09\/WhatsApp-Image-2022-09-02-at-22.13.43-1-225x300.jpeg 225w, https:\/\/bobbocrafts.com\/wp-content\/uploads\/2022\/09\/WhatsApp-Image-2022-09-02-at-22.13.43-1-1152x1536.jpeg 1152w, https:\/\/bobbocrafts.com\/wp-content\/uploads\/2022\/09\/WhatsApp-Image-2022-09-02-at-22.13.43-1-600x800.jpeg 600w, https:\/\/bobbocrafts.com\/wp-content\/uploads\/2022\/09\/WhatsApp-Image-2022-09-02-at-22.13.43-1.jpeg 1536w\" sizes=\"auto, (max-width: 760px) 100vw, 760px\" \/><figcaption><strong>\u00d6zel Renklendirmeli Seri:<\/strong><br>Bu \u00fcr\u00fcnlerimiz y\u00fcksek kalite malzeme ve renklendirme malzemeleri ile \u00fcretilmektedir. Malzemenin gerektirdi\u011fi yo\u011fun bir i\u015f\u00e7ilik s\u00f6z konusudur. Bolca \u0131\u015f\u0131k alan mekan\u0131n\u0131za \u00fcr\u00fcn\u00fcm\u00fczle birlikte g\u00f6z al\u0131c\u0131 bir atmosfer yaratmak istiyorsan\u0131z, en iyi tercihlerden birisidir.<\/figcaption><\/figure>\n\n\n\n<figure class=\"wp-block-image aligncenter size-large is-resized\"><img loading=\"lazy\" decoding=\"async\" src=\"http:\/\/bobbocrafts.com\/wp-content\/uploads\/2022\/09\/1-4-1024x1024.jpg\" alt=\"\" class=\"wp-image-2151\" width=\"764\" height=\"764\" srcset=\"https:\/\/bobbocrafts.com\/wp-content\/uploads\/2022\/09\/1-4-1024x1024.jpg 1024w, https:\/\/bobbocrafts.com\/wp-content\/uploads\/2022\/09\/1-4-300x300.jpg 300w, https:\/\/bobbocrafts.com\/wp-content\/uploads\/2022\/09\/1-4-150x150.jpg 150w, https:\/\/bobbocrafts.com\/wp-content\/uploads\/2022\/09\/1-4-768x768.jpg 768w, https:\/\/bobbocrafts.com\/wp-content\/uploads\/2022\/09\/1-4-1536x1536.jpg 1536w, https:\/\/bobbocrafts.com\/wp-content\/uploads\/2022\/09\/1-4-2048x2048.jpg 2048w, https:\/\/bobbocrafts.com\/wp-content\/uploads\/2022\/09\/1-4-600x600.jpg 600w, https:\/\/bobbocrafts.com\/wp-content\/uploads\/2022\/09\/1-4-100x100.jpg 100w\" sizes=\"auto, (max-width: 764px) 100vw, 764px\" \/><\/figure>\n\n\n\n<figure class=\"wp-block-image aligncenter size-large is-resized\"><img loading=\"lazy\" decoding=\"async\" src=\"http:\/\/bobbocrafts.com\/wp-content\/uploads\/2022\/09\/IMG_0476-1024x683.jpg\" alt=\"\" class=\"wp-image-2627\" width=\"765\" height=\"510\" srcset=\"https:\/\/bobbocrafts.com\/wp-content\/uploads\/2022\/09\/IMG_0476-1024x683.jpg 1024w, https:\/\/bobbocrafts.com\/wp-content\/uploads\/2022\/09\/IMG_0476-300x200.jpg 300w, https:\/\/bobbocrafts.com\/wp-content\/uploads\/2022\/09\/IMG_0476-768x512.jpg 768w, https:\/\/bobbocrafts.com\/wp-content\/uploads\/2022\/09\/IMG_0476-1536x1024.jpg 1536w, https:\/\/bobbocrafts.com\/wp-content\/uploads\/2022\/09\/IMG_0476-2048x1365.jpg 2048w, https:\/\/bobbocrafts.com\/wp-content\/uploads\/2022\/09\/IMG_0476-600x400.jpg 600w\" sizes=\"auto, (max-width: 765px) 100vw, 765px\" \/><\/figure>\n\n\n\n<figure class=\"wp-block-image aligncenter size-large is-resized\"><img loading=\"lazy\" decoding=\"async\" src=\"http:\/\/bobbocrafts.com\/wp-content\/uploads\/2022\/09\/2-1024x1024.jpg\" alt=\"\" class=\"wp-image-2116\" width=\"765\" height=\"765\" srcset=\"https:\/\/bobbocrafts.com\/wp-content\/uploads\/2022\/09\/2-1024x1024.jpg 1024w, https:\/\/bobbocrafts.com\/wp-content\/uploads\/2022\/09\/2-300x300.jpg 300w, https:\/\/bobbocrafts.com\/wp-content\/uploads\/2022\/09\/2-150x150.jpg 150w, https:\/\/bobbocrafts.com\/wp-content\/uploads\/2022\/09\/2-768x768.jpg 768w, https:\/\/bobbocrafts.com\/wp-content\/uploads\/2022\/09\/2-1536x1536.jpg 1536w, https:\/\/bobbocrafts.com\/wp-content\/uploads\/2022\/09\/2-2048x2048.jpg 2048w, https:\/\/bobbocrafts.com\/wp-content\/uploads\/2022\/09\/2-600x600.jpg 600w, https:\/\/bobbocrafts.com\/wp-content\/uploads\/2022\/09\/2-100x100.jpg 100w\" sizes=\"auto, (max-width: 765px) 100vw, 765px\" \/><figcaption><strong>Standart Modellerimiz<\/strong>:<br>B\u00fct\u00fcn \u00fcr\u00fcnlerimiz yo\u011fun AR-GE a\u015famas\u0131ndan ge\u00e7mektedir. Sonras\u0131nda ise yo\u011fun el i\u015f\u00e7ili\u011fi gerektiren \u00fcr\u00fcnlerimiz ola\u011fan\u00fcst\u00fc ko\u015fullara dayan\u0131kl\u0131 olarak \u00fcretilmektedir. G\u00f6n\u00fcl rahatl\u0131\u011f\u0131yla kullanabilirsiniz.<\/figcaption><\/figure>\n\n\n\n<p><\/p>\n","protected":false},"excerpt":{"rendered":"<p>Titanyum \u00d6zel: Titanyum teknolojisi kullan\u0131larak \u00fcretilen t\u00fcm \u00fcr\u00fcnlerimiz en y\u00fcksek kalite malzeme ve i\u015f\u00e7ilik ile \u00fcretilmektedir. Mekan\u0131n\u0131za bu \u00fcr\u00fcnlerimizin yans\u0131t\u0131c\u0131l\u0131\u011f\u0131n\u0131 kullanarak farkl\u0131 bir hava katmak istiyorsan\u0131z en g\u00fczel tercihlerden birisidir.<\/p>\n","protected":false},"author":1,"featured_media":0,"parent":0,"menu_order":0,"comment_status":"closed","ping_status":"closed","template":"","meta":{"om_disable_all_campaigns":false,"_monsterinsights_skip_tracking":false,"_monsterinsights_sitenote_active":false,"_monsterinsights_sitenote_note":"","_monsterinsights_sitenote_category":0,"site-sidebar-layout":"default","site-content-layout":"","ast-site-content-layout":"default","site-content-style":"default","site-sidebar-style":"default","ast-global-header-display":"","ast-banner-title-visibility":"","ast-main-header-display":"","ast-hfb-above-header-display":"","ast-hfb-below-header-display":"","ast-hfb-mobile-header-display":"","site-post-title":"","ast-breadcrumbs-content":"","ast-featured-img":"","footer-sml-layout":"","theme-transparent-header-meta":"","adv-header-id-meta":"","stick-header-meta":"","header-above-stick-meta":"","header-main-stick-meta":"","header-below-stick-meta":"","astra-migrate-meta-layouts":"default","ast-page-background-enabled":"default","ast-page-background-meta":{"desktop":{"background-color":"","background-image":"","background-repeat":"repeat","background-position":"center center","background-size":"auto","background-attachment":"scroll","background-type":"","background-media":"","overlay-type":"","overlay-color":"","overlay-opacity":"","overlay-gradient":""},"tablet":{"background-color":"","background-image":"","background-repeat":"repeat","background-position":"center center","background-size":"auto","background-attachment":"scroll","background-type":"","background-media":"","overlay-type":"","overlay-color":"","overlay-opacity":"","overlay-gradient":""},"mobile":{"background-color":"","background-image":"","background-repeat":"repeat","background-position":"center center","background-size":"auto","background-attachment":"scroll","background-type":"","background-media":"","overlay-type":"","overlay-color":"","overlay-opacity":"","overlay-gradient":""}},"ast-content-background-meta":{"desktop":{"background-color":"var(--ast-global-color-5)","background-image":"","background-repeat":"repeat","background-position":"center center","background-size":"auto","background-attachment":"scroll","background-type":"","background-media":"","overlay-type":"","overlay-color":"","overlay-opacity":"","overlay-gradient":""},"tablet":{"background-color":"var(--ast-global-color-5)","background-image":"","background-repeat":"repeat","background-position":"center center","background-size":"auto","background-attachment":"scroll","background-type":"","background-media":"","overlay-type":"","overlay-color":"","overlay-opacity":"","overlay-gradient":""},"mobile":{"background-color":"var(--ast-global-color-5)","background-image":"","background-repeat":"repeat","background-position":"center center","background-size":"auto","background-attachment":"scroll","background-type":"","background-media":"","overlay-type":"","overlay-color":"","overlay-opacity":"","overlay-gradient":""}},"footnotes":""},"class_list":["post-2594","page","type-page","status-publish","hentry"],"yoast_head":"<!-- This site is optimized with the Yoast SEO plugin v19.6.1 - https:\/\/yoast.com\/wordpress\/plugins\/seo\/ -->\n<title>\u00dcr\u00fcnlerimiz hangi t\u00fcr malzemelere sahip? - Bobbocrafts<\/title>\n<meta name=\"robots\" content=\"index, follow, max-snippet:-1, max-image-preview:large, max-video-preview:-1\" \/>\n<link rel=\"canonical\" href=\"https:\/\/bobbocrafts.com\/index.php\/malzemeler-2\/\" \/>\n<meta property=\"og:locale\" content=\"tr_TR\" \/>\n<meta property=\"og:type\" content=\"article\" \/>\n<meta property=\"og:title\" content=\"\u00dcr\u00fcnlerimiz hangi t\u00fcr malzemelere sahip? - Bobbocrafts\" \/>\n<meta property=\"og:description\" content=\"Titanyum \u00d6zel: Titanyum teknolojisi kullan\u0131larak \u00fcretilen t\u00fcm \u00fcr\u00fcnlerimiz en y\u00fcksek kalite malzeme ve i\u015f\u00e7ilik ile \u00fcretilmektedir. Mekan\u0131n\u0131za bu \u00fcr\u00fcnlerimizin yans\u0131t\u0131c\u0131l\u0131\u011f\u0131n\u0131 kullanarak farkl\u0131 bir hava katmak istiyorsan\u0131z en g\u00fczel tercihlerden birisidir.\" \/>\n<meta property=\"og:url\" content=\"https:\/\/bobbocrafts.com\/index.php\/malzemeler-2\/\" \/>\n<meta property=\"og:site_name\" content=\"Bobbocrafts\" \/>\n<meta property=\"article:publisher\" content=\"https:\/\/www.facebook.com\/profile.php?id=100067798650287\" \/>\n<meta property=\"article:modified_time\" content=\"2022-09-04T17:08:56+00:00\" \/>\n<meta property=\"og:image\" content=\"http:\/\/bobbocrafts.com\/wp-content\/uploads\/2022\/09\/WhatsApp-Image-2022-09-03-at-15.15.04-768x1024.jpeg\" \/>\n<meta name=\"twitter:card\" content=\"summary_large_image\" \/>\n<meta name=\"twitter:label1\" content=\"Tahmini okuma s\u00fcresi\" \/>\n\t<meta name=\"twitter:data1\" content=\"1 dakika\" \/>\n<script type=\"application\/ld+json\" class=\"yoast-schema-graph\">{\"@context\":\"https:\/\/schema.org\",\"@graph\":[{\"@type\":\"WebPage\",\"@id\":\"https:\/\/bobbocrafts.com\/index.php\/malzemeler-2\/\",\"url\":\"https:\/\/bobbocrafts.com\/index.php\/malzemeler-2\/\",\"name\":\"\u00dcr\u00fcnlerimiz hangi t\u00fcr malzemelere sahip? - Bobbocrafts\",\"isPartOf\":{\"@id\":\"https:\/\/bobbocrafts.com\/#website\"},\"datePublished\":\"2022-09-04T15:43:28+00:00\",\"dateModified\":\"2022-09-04T17:08:56+00:00\",\"breadcrumb\":{\"@id\":\"https:\/\/bobbocrafts.com\/index.php\/malzemeler-2\/#breadcrumb\"},\"inLanguage\":\"tr\",\"potentialAction\":[{\"@type\":\"ReadAction\",\"target\":[\"https:\/\/bobbocrafts.com\/index.php\/malzemeler-2\/\"]}]},{\"@type\":\"BreadcrumbList\",\"@id\":\"https:\/\/bobbocrafts.com\/index.php\/malzemeler-2\/#breadcrumb\",\"itemListElement\":[{\"@type\":\"ListItem\",\"position\":1,\"name\":\"Anasayfa\",\"item\":\"https:\/\/bobbocrafts.com\/\"},{\"@type\":\"ListItem\",\"position\":2,\"name\":\"\u00dcr\u00fcnlerimiz hangi t\u00fcr malzemelere sahip?\"}]},{\"@type\":\"WebSite\",\"@id\":\"https:\/\/bobbocrafts.com\/#website\",\"url\":\"https:\/\/bobbocrafts.com\/\",\"name\":\"Bobbocrafts\",\"description\":\"3D Metal Sanatlar\",\"publisher\":{\"@id\":\"https:\/\/bobbocrafts.com\/#organization\"},\"potentialAction\":[{\"@type\":\"SearchAction\",\"target\":{\"@type\":\"EntryPoint\",\"urlTemplate\":\"https:\/\/bobbocrafts.com\/?s={search_term_string}\"},\"query-input\":\"required name=search_term_string\"}],\"inLanguage\":\"tr\"},{\"@type\":\"Organization\",\"@id\":\"https:\/\/bobbocrafts.com\/#organization\",\"name\":\"Bobbocrafts\",\"url\":\"https:\/\/bobbocrafts.com\/\",\"sameAs\":[\"https:\/\/www.instagram.com\/bobbocrafts\/\",\"https:\/\/www.facebook.com\/profile.php?id=100067798650287\"],\"logo\":{\"@type\":\"ImageObject\",\"inLanguage\":\"tr\",\"@id\":\"https:\/\/bobbocrafts.com\/#\/schema\/logo\/image\/\",\"url\":\"https:\/\/bobbocrafts.com\/wp-content\/uploads\/2022\/09\/cropped-bobbocrafts-2-2.png\",\"contentUrl\":\"https:\/\/bobbocrafts.com\/wp-content\/uploads\/2022\/09\/cropped-bobbocrafts-2-2.png\",\"width\":1048,\"height\":673,\"caption\":\"Bobbocrafts\"},\"image\":{\"@id\":\"https:\/\/bobbocrafts.com\/#\/schema\/logo\/image\/\"}}]}<\/script>\n<!-- \/ Yoast SEO plugin. -->","yoast_head_json":{"title":"\u00dcr\u00fcnlerimiz hangi t\u00fcr malzemelere sahip? - Bobbocrafts","robots":{"index":"index","follow":"follow","max-snippet":"max-snippet:-1","max-image-preview":"max-image-preview:large","max-video-preview":"max-video-preview:-1"},"canonical":"https:\/\/bobbocrafts.com\/index.php\/malzemeler-2\/","og_locale":"tr_TR","og_type":"article","og_title":"\u00dcr\u00fcnlerimiz hangi t\u00fcr malzemelere sahip? - Bobbocrafts","og_description":"Titanyum \u00d6zel: Titanyum teknolojisi kullan\u0131larak \u00fcretilen t\u00fcm \u00fcr\u00fcnlerimiz en y\u00fcksek kalite malzeme ve i\u015f\u00e7ilik ile \u00fcretilmektedir. Mekan\u0131n\u0131za bu \u00fcr\u00fcnlerimizin yans\u0131t\u0131c\u0131l\u0131\u011f\u0131n\u0131 kullanarak farkl\u0131 bir hava katmak istiyorsan\u0131z en g\u00fczel tercihlerden birisidir.","og_url":"https:\/\/bobbocrafts.com\/index.php\/malzemeler-2\/","og_site_name":"Bobbocrafts","article_publisher":"https:\/\/www.facebook.com\/profile.php?id=100067798650287","article_modified_time":"2022-09-04T17:08:56+00:00","og_image":[{"url":"http:\/\/bobbocrafts.com\/wp-content\/uploads\/2022\/09\/WhatsApp-Image-2022-09-03-at-15.15.04-768x1024.jpeg"}],"twitter_card":"summary_large_image","twitter_misc":{"Tahmini okuma s\u00fcresi":"1 dakika"},"schema":{"@context":"https:\/\/schema.org","@graph":[{"@type":"WebPage","@id":"https:\/\/bobbocrafts.com\/index.php\/malzemeler-2\/","url":"https:\/\/bobbocrafts.com\/index.php\/malzemeler-2\/","name":"\u00dcr\u00fcnlerimiz hangi t\u00fcr malzemelere sahip? - Bobbocrafts","isPartOf":{"@id":"https:\/\/bobbocrafts.com\/#website"},"datePublished":"2022-09-04T15:43:28+00:00","dateModified":"2022-09-04T17:08:56+00:00","breadcrumb":{"@id":"https:\/\/bobbocrafts.com\/index.php\/malzemeler-2\/#breadcrumb"},"inLanguage":"tr","potentialAction":[{"@type":"ReadAction","target":["https:\/\/bobbocrafts.com\/index.php\/malzemeler-2\/"]}]},{"@type":"BreadcrumbList","@id":"https:\/\/bobbocrafts.com\/index.php\/malzemeler-2\/#breadcrumb","itemListElement":[{"@type":"ListItem","position":1,"name":"Anasayfa","item":"https:\/\/bobbocrafts.com\/"},{"@type":"ListItem","position":2,"name":"\u00dcr\u00fcnlerimiz hangi t\u00fcr malzemelere sahip?"}]},{"@type":"WebSite","@id":"https:\/\/bobbocrafts.com\/#website","url":"https:\/\/bobbocrafts.com\/","name":"Bobbocrafts","description":"3D Metal Sanatlar","publisher":{"@id":"https:\/\/bobbocrafts.com\/#organization"},"potentialAction":[{"@type":"SearchAction","target":{"@type":"EntryPoint","urlTemplate":"https:\/\/bobbocrafts.com\/?s={search_term_string}"},"query-input":"required name=search_term_string"}],"inLanguage":"tr"},{"@type":"Organization","@id":"https:\/\/bobbocrafts.com\/#organization","name":"Bobbocrafts","url":"https:\/\/bobbocrafts.com\/","sameAs":["https:\/\/www.instagram.com\/bobbocrafts\/","https:\/\/www.facebook.com\/profile.php?id=100067798650287"],"logo":{"@type":"ImageObject","inLanguage":"tr","@id":"https:\/\/bobbocrafts.com\/#\/schema\/logo\/image\/","url":"https:\/\/bobbocrafts.com\/wp-content\/uploads\/2022\/09\/cropped-bobbocrafts-2-2.png","contentUrl":"https:\/\/bobbocrafts.com\/wp-content\/uploads\/2022\/09\/cropped-bobbocrafts-2-2.png","width":1048,"height":673,"caption":"Bobbocrafts"},"image":{"@id":"https:\/\/bobbocrafts.com\/#\/schema\/logo\/image\/"}}]}},"uagb_featured_image_src":{"full":false,"thumbnail":false,"medium":false,"medium_large":false,"large":false,"1536x1536":false,"2048x2048":false,"woocommerce_thumbnail":false,"woocommerce_single":false,"woocommerce_gallery_thumbnail":false},"uagb_author_info":{"display_name":"bobbocrafts","author_link":"https:\/\/bobbocrafts.com\/index.php\/author\/bobbocrafts\/"},"uagb_comment_info":0,"uagb_excerpt":"Titanyum \u00d6zel: Titanyum teknolojisi kullan\u0131larak \u00fcretilen t\u00fcm \u00fcr\u00fcnlerimiz en y\u00fcksek kalite malzeme ve i\u015f\u00e7ilik ile \u00fcretilmektedir. Mekan\u0131n\u0131za bu \u00fcr\u00fcnlerimizin yans\u0131t\u0131c\u0131l\u0131\u011f\u0131n\u0131 kullanarak farkl\u0131 bir hava katmak istiyorsan\u0131z en g\u00fczel tercihlerden birisidir.","_links":{"self":[{"href":"https:\/\/bobbocrafts.com\/index.php\/wp-json\/wp\/v2\/pages\/2594","targetHints":{"allow":["GET"]}}],"collection":[{"href":"https:\/\/bobbocrafts.com\/index.php\/wp-json\/wp\/v2\/pages"}],"about":[{"href":"https:\/\/bobbocrafts.com\/index.php\/wp-json\/wp\/v2\/types\/page"}],"author":[{"embeddable":true,"href":"https:\/\/bobbocrafts.com\/index.php\/wp-json\/wp\/v2\/users\/1"}],"replies":[{"embeddable":true,"href":"https:\/\/bobbocrafts.com\/index.php\/wp-json\/wp\/v2\/comments?post=2594"}],"version-history":[{"count":4,"href":"https:\/\/bobbocrafts.com\/index.php\/wp-json\/wp\/v2\/pages\/2594\/revisions"}],"predecessor-version":[{"id":2667,"href":"https:\/\/bobbocrafts.com\/index.php\/wp-json\/wp\/v2\/pages\/2594\/revisions\/2667"}],"wp:attachment":[{"href":"https:\/\/bobbocrafts.com\/index.php\/wp-json\/wp\/v2\/media?parent=2594"}],"curies":[{"name":"wp","href":"https:\/\/api.w.org\/{rel}","templated":true}]}}