{"id":2588,"date":"2022-09-04T18:42:24","date_gmt":"2022-09-04T15:42:24","guid":{"rendered":"https:\/\/bobbocrafts.com\/?page_id=2588"},"modified":"2024-01-30T17:35:57","modified_gmt":"2024-01-30T14:35:57","slug":"kvkk-politikasi","status":"publish","type":"page","link":"https:\/\/bobbocrafts.com\/index.php\/kvkk-politikasi\/","title":{"rendered":"KVKK Politikas\u0131"},"content":{"rendered":"\n<h3 class=\"wp-block-heading\"><\/h3>\n\n\n\n<p>Ki\u015fisel Verilerin Korunmas\u0131na \u0130li\u015fkin Bilgilendirme;<\/p>\n\n\n\n<p>BOBBOCRAFTS Metal artworks olarak ki\u015fisel verilerinizin 6698 say\u0131l\u0131 Ki\u015fisel Verilerin Korunmas\u0131 Kanunu&#8217;na (\u2018Kanun&#8217;) uygun olarak i\u015flenerek, muhafaza edilmesine b\u00fcy\u00fck \u00f6nem veriyoruz. M\u00fc\u015fterilerimizi ki\u015fisel verileri toplama, i\u015fleme, aktarma amac\u0131m\u0131z ve y\u00f6ntemlerimiz ve buna ba\u011fl\u0131 olarak sizlerin Kanun&#8217;dan kaynaklanan haklar\u0131n\u0131zla ilgili bilgilendirmek isteriz.<\/p>\n\n\n\n<ol class=\"wp-block-list\"><li>Ki\u015fisel verilerin toplanmas\u0131na ili\u015fkin y\u00f6ntemler<\/li><\/ol>\n\n\n\n<p>BOBBOCRAFTS olarak, veri sorumlusu s\u0131fat\u0131yla, mevzuattan kaynaklanan yasal y\u00fck\u00fcml\u00fcl\u00fcklerimiz \u00e7er\u00e7evesinde; markalar\u0131m\u0131z\u0131n hizmetlerinden faydalanabilmeniz, onay\u0131n\u0131z halinde kampanyalar\u0131m\u0131z hakk\u0131nda sizleri bilgilendirmek, \u00f6neri ve \u015fikayetlerinizi kay\u0131t alt\u0131na alabilmek, sizlere daha iyi hizmet standartlar\u0131 olu\u015fturabilmek, Bobbocrafts ticari ve i\u015f stratejilerinin belirlenmesi ve uygulanmas\u0131 gibi ama\u00e7larla ki\u015fisel verilerinizi s\u00f6zl\u00fc, internet sitesi, sosyal medya mecralar\u0131, mobil uygulamalar ve benzeri vas\u0131talarla s\u00f6zl\u00fc, yaz\u0131l\u0131 ya da elektronik y\u00f6ntemlerle toplamaktay\u0131z.<\/p>\n\n\n\n<ol class=\"wp-block-list\" start=\"2\"><li>Ki\u015fisel verilerin i\u015flenmesi ve i\u015fleme ama\u00e7lar\u0131<\/li><\/ol>\n\n\n\n<p>Bobbocrafts olarak, veri sorumlusu s\u0131fat\u0131 ile yaz\u0131l\u0131 ileti\u015fim kanallar\u0131m\u0131z, sosyal medya sayfalar\u0131m\u0131z, mobil ileti\u015fim kanallar\u0131, ma\u011faza i\u00e7i ileti\u015fim kanallar\u0131 ve\/veya bunlarla s\u0131n\u0131rl\u0131 olmamak \u00fczere her t\u00fcrl\u00fc kanallar arac\u0131l\u0131\u011f\u0131 ile; onay\u0131n\u0131z dahilinde elde etti\u011fimiz ki\u015fisel ve\/veya \u00f6zel nitelikli ki\u015fisel verileriniz tamamen veya k\u0131smen elde edilebilir, kaydedilebilir, saklanabilir, depolanabilir, de\u011fi\u015ftirilebilir, g\u00fcncellenebilir, periyodik olarak kontrol edilebilir, yeniden d\u00fczenlenebilir, s\u0131n\u0131fland\u0131r\u0131labilir, i\u015flendikleri ama\u00e7 i\u00e7in gerekli olan ya da ilgili kanunda \u00f6ng\u00f6r\u00fclen s\u00fcre kadar muhafaza edilebilir, kanuni ya da hizmete ba\u011fl\u0131 fiili gereklilikler halinde Bobbocrafts\u2019\u0131n birlikte \u00e7al\u0131\u015ft\u0131\u011f\u0131 \u00f6zel-t\u00fczel ki\u015filerle ya da kanunen y\u00fck\u00fcml\u00fc oldu\u011fu kamu kurum ve kurulu\u015flar\u0131yla ve\/veya T\u00fcrkiye&#8217;de veya yurt d\u0131\u015f\u0131nda mukim olan ilgili 3. ki\u015fi ger\u00e7ek ki\u015fi\/t\u00fczel ki\u015filerle payla\u015f\u0131labilir\/devredilebilir, kanuni ya da hizmete ba\u011fl\u0131 fiili gereklilikler halinde yurtd\u0131\u015f\u0131na aktar\u0131labilir.<\/p>\n\n\n\n<p>Bobbocrafts m\u00fc\u015fterilerinin markalar\u0131m\u0131z\u0131n hizmetlerinden faydalanabilmesi, onay\u0131n\u0131z halinde kampanyalar\u0131m\u0131z hakk\u0131nda sizleri bilgilendirmek, \u00f6neri ve \u015fikayetlerinizi kay\u0131t alt\u0131na alabilmek, sizlere daha iyi hizmet standartlar\u0131 olu\u015fturabilmek, Bobbocrafts ticari ve i\u015f stratejilerinin belirlenmesi ve uygulanmas\u0131 gibi ama\u00e7larla ve her hal\u00fckarda 6698 say\u0131l\u0131 Ki\u015fisel Verilerin Korunmas\u0131 Kanunu ve ilgili mevzuata uygun olarak ki\u015fisel verilerinizi i\u015fleyebilece\u011fimizi bilginize sunar\u0131z.<\/p>\n\n\n\n<ol class=\"wp-block-list\" start=\"3\"><li>Ki\u015fisel Verilerin Aktar\u0131lmas\u0131<\/li><\/ol>\n\n\n\n<p>Bobbocrafts, s\u00f6z konusu ki\u015fisel verilerinizi sadece; a\u00e7\u0131k r\u0131zan\u0131za istinaden veya Kanun&#8217;da belirtilen g\u00fcvenlik ve gizlilik esaslar\u0131 \u00e7er\u00e7evesinde yeterli \u00f6nlemler al\u0131nmak kayd\u0131yla yurt i\u00e7inde ve gerekli g\u00fcvenlik \u00f6nlemlerinin al\u0131nmas\u0131 kayd\u0131yla yurt d\u0131\u015f\u0131nda, \u015eirket faaliyetlerinin y\u00fcr\u00fct\u00fclmesi, veri sahipleri ile m\u00fc\u015fterilerimiz aras\u0131ndaki i\u015f ili\u015fkisinin sa\u011flanmas\u0131 ve\/veya bu ama\u00e7la g\u00f6r\u00fc\u015fmeler yap\u0131lmas\u0131, hizmetler, f\u0131rsat ve olanaklar sunulmas\u0131 ve hizmet kalitesinin art\u0131r\u0131lmas\u0131 amac\u0131yla; grup \u015firketlerimiz, i\u015f ortaklar\u0131m\u0131z, faaliyetlerimizin gere\u011fi anla\u015fmal\u0131 oldu\u011fumuz ve hizmet sundu\u011fumuz m\u00fc\u015fteriler, tedarik\u00e7iler, denetim \u015firketleri veya yasal bir zorunluluk gere\u011fi bu verileri talep etmeye yetkili olan kamu kurum veya kurulu\u015flar\u0131, bunlarla s\u0131n\u0131rl\u0131 olmamak \u00fczere ilgili di\u011fer otoriteler ile payla\u015fabilecektir.<\/p>\n\n\n\n<ol class=\"wp-block-list\" start=\"4\"><li>Ki\u015fisel Veri Sahibinin KVK Kanunu&#8217;nun (&#8216;Kanun&#8217;) 11. maddesinde Say\u0131lan Haklar\u0131<\/li><\/ol>\n\n\n\n<p>Bobbocrafts ilgili ki\u015filerin a\u015fa\u011f\u0131daki taleplerine kar\u015f\u0131l\u0131k verecektir:<\/p>\n\n\n\n<p>a) Bobbocrafts\u2019\u0131n kendilerine ili\u015fkin ki\u015fisel verileri i\u015fleyip i\u015flemedi\u011fini ve hangi ki\u015fisel verileri i\u015fledi\u011fini \u00f6\u011frenme,<\/p>\n\n\n\n<p>b) \u0130\u015fleme faaliyetinin ama\u00e7lar\u0131na ili\u015fkin bilgi alma,<\/p>\n\n\n\n<p>c) Bobbocrafts\u2019\u0131n yurt i\u00e7inde veya yurt d\u0131\u015f\u0131nda ki\u015fisel verileri aktard\u0131\u011f\u0131 \u00fc\u00e7\u00fcnc\u00fc ki\u015fileri bilme,<\/p>\n\n\n\n<p>d) Ki\u015fisel verilerin eksik veya yanl\u0131\u015f i\u015flenmi\u015f olmas\u0131 h\u00e2linde bunlar\u0131n d\u00fczeltilmesini isteme,<\/p>\n\n\n\n<p>e) Kanun&#8217;a uygun olarak ki\u015fisel verilerin silinmesini veya yok edilmesini isteme,<\/p>\n\n\n\n<p>f) Ki\u015fisel verilerin d\u00fczeltilmesi, silinmesi ya da yok edilmesi talebi halinde; yap\u0131lan i\u015flemlerin, ki\u015fisel verilerin aktar\u0131ld\u0131\u011f\u0131 \u00fc\u00e7\u00fcnc\u00fc ki\u015filere bildirilmesini isteme,<\/p>\n\n\n\n<p>g) \u0130\u015flenen verilerin m\u00fcnhas\u0131ran otomatik sistemler vas\u0131tas\u0131yla analiz edilmesi suretiyle ki\u015finin kendisi aleyhine bir sonucun ortaya \u00e7\u0131kmas\u0131na itiraz etme ve<br>ki\u015fisel verilerinin birer kopyas\u0131n\u0131 alma.<\/p>\n\n\n\n<p>G\u00f6r\u00fc\u015f ve sorular\u0131n\u0131zla ilgili bizimle whatsapp destek hatt\u0131m\u0131zdan veya telefon numaram\u0131zdan ileti\u015fime ge\u00e7ebilirsiniz!<\/p>\n\n\n\n<p>Bobbocrafts Markas\u0131 bir MEK SPOR DANI\u015eMANLIK SAN TIC LTD STI  kurulu\u015fudur;<\/p>\n\n\n\n<p>MEK SPOR MENAJERL\u0130K DANI\u015eMANLIK SAN. TIC. LIMITED \u015eTI. <\/p>\n\n\n\n<p>Adres: Oran mahallesi Z\u00fclf\u00fc Tigrel caddesi no: 1\/5 i\u00e7 kap\u0131 no: 124 \u00c7ankaya\/Ankara<\/p>\n\n\n\n<p>Vergi Dairesi: Se\u011fmenler<\/p>\n\n\n\n<p>Vergi no: 6140606593<\/p>\n\n\n\n<p>Telefon Numaras\u0131: 05323783811<\/p>\n\n\n\n<p>E-posta: iletisim@bobbocrafts.com<\/p>\n\n\n\n<p>Gizlilik ve G\u00fcvenlik<\/p>\n\n\n\n<p>Bobbocrafts, m\u00fc\u015fterilerine daha iyi hizmet verebilmek amac\u0131yla baz\u0131 ki\u015fisel bilgilerinizi (isim, ya\u015f, ilgi alanlar\u0131n\u0131z, e-posta vb.) sizlerden talep etmektedir. Bobbocrafts sunucular\u0131nda toplanan bu bilgiler, d\u00f6nemsel kampanya \u00e7al\u0131\u015fmalar\u0131, m\u00fc\u015fteri profillerine y\u00f6nelik \u00f6zel promosyon faaliyetlerinin kurgulanmas\u0131 ve istenmeyen e-postalar\u0131n iletilmemesine y\u00f6nelik m\u00fc\u015fteri &#8220;s\u0131n\u0131fland\u0131rma&#8221; \u00e7al\u0131\u015fmalar\u0131nda sadece Bobbocrafts b\u00fcnyesinde kullan\u0131lmaktad\u0131r. Bobbocrafts, \u00fcyelik formlar\u0131ndan toplad\u0131\u011f\u0131 bilgileri s\u00f6z konusu \u00fcyenin haberi ya da aksi bir talimat\u0131 olmaks\u0131z\u0131n, \u00fc\u00e7\u00fcnc\u00fc \u015fah\u0131slarla kesinlikle payla\u015fmamakta, faaliyet d\u0131\u015f\u0131 hi\u00e7bir nedenle ticari ama\u00e7la kullanmamakta ve de satmamaktad\u0131r.<\/p>\n\n\n\n<p>M\u00fc\u015fteri bilgileri, ancak resmi makamlarca bu bilgilerin talep edilmesi halinde ve y\u00fcr\u00fcrl\u00fckteki emredici mevzuat h\u00fck\u00fcmleri gere\u011fince resmi makamlara a\u00e7\u0131klama yapmak zorunda oldu\u011fu durumlarda resmi makamlara a\u00e7\u0131klanabilecektir.<\/p>\n\n\n\n<p>M\u00fc\u015fterinin sisteme girdi\u011fi t\u00fcm bilgilere sadece m\u00fc\u015fteri ula\u015fabilmekte ve bu bilgileri sadece m\u00fc\u015fteri de\u011fi\u015ftirebilmektedir. Bir ba\u015fkas\u0131n\u0131n bu bilgilere ula\u015fmas\u0131 ve bunlar\u0131 de\u011fi\u015ftirmesi m\u00fcmk\u00fcn de\u011fildir. \u00d6deme sayfas\u0131nda istenen kredi kart\u0131 bilgileriniz, siteden al\u0131\u015fveri\u015f yapan m\u00fc\u015fterilerimizin g\u00fcvenli\u011fini en \u00fcst seviyede tutmak amac\u0131yla hi\u00e7bir \u015fekilde Bobbocrafts veya ona hizmet veren \u015firketlerin sunucular\u0131nda tutulmamaktad\u0131r. Bu \u015fekilde \u00f6demeye y\u00f6nelik t\u00fcm i\u015flemlerin Bobbocrafts aray\u00fcz\u00fc \u00fczerinden banka ve bilgisayar\u0131n\u0131z aras\u0131nda ger\u00e7ekle\u015fmesi sa\u011flanmaktad\u0131r.<\/p>\n\n\n\n<p>\u00c7erez Kullan\u0131m\u0131<\/p>\n\n\n\n<p>\u00c7erezler, sitemizi ziyaret etti\u011finizde bilgisayar\u0131n\u0131z ya da mobil cihaz\u0131n\u0131za (ak\u0131ll\u0131 telefon veya tablet gibi) kaydedilen k\u00fc\u00e7\u00fck metin dosyalar\u0131 ya da bilgilerdir.<\/p>\n\n\n\n<p>\u00c7erezleri, Sitelerimizin daha kolay kullan\u0131lmas\u0131 ve sizin ilgi ve ihtiya\u00e7lar\u0131n\u0131za g\u00f6re ayarlanmas\u0131 i\u00e7in kullan\u0131yoruz. \u0130nternet siteleri bu \u00e7erez dosyalar\u0131 okuyup yazabiliyorlar ve bu sayede tan\u0131nman\u0131z ve size daha uygun bir internet sitesi sunulmas\u0131 amac\u0131yla sizinle ilgili \u00f6nemli bilgilerin hat\u0131rlanmas\u0131 sa\u011flan\u0131yor (tercih ayarlar\u0131n\u0131z\u0131n hat\u0131rlanmas\u0131 gibi).<\/p>\n\n\n\n<p>\u00c7erezler ayr\u0131ca, Sitelerimiz \u00fczerinde gelecekteki hareketlerinizin h\u0131zlanmas\u0131na da yard\u0131mc\u0131 olur. Bunlara ek olarak, ziyaret\u00e7ilerin Sitelerimizi nas\u0131l kulland\u0131\u011f\u0131n\u0131 anlamak ve Sitelerimizin tasar\u0131m\u0131n\u0131 ve kullan\u0131\u015fl\u0131l\u0131\u011f\u0131n\u0131 geli\u015ftirmek amac\u0131yla \u00e7erezleri Sitelerimizin kullan\u0131m\u0131 hakk\u0131nda istatistiksel bilgiler toplamak i\u00e7in de kullanabiliriz.<\/p>\n\n\n\n<p>MEK SPOR MENAJERLIK DANI\u015eMANLIK SAN. TIC. LIMITED \u015eTI.<\/p>\n\n\n\n<p>Adres: Oran mahallesi Z\u00fclf\u00fc Tigrel caddesi no: 1\/5 i\u00e7 kap\u0131 no: 124 \u00c7ankaya\/Ankara<\/p>\n\n\n\n<p>Vergi Dairesi: Se\u011fmenler<\/p>\n\n\n\n<p>Vergi No: 6140606593<\/p>\n\n\n\n<p>Telefon Numaras\u0131:&nbsp;05323783811<\/p>\n","protected":false},"excerpt":{"rendered":"<p>Ki\u015fisel Verilerin Korunmas\u0131na \u0130li\u015fkin Bilgilendirme; BOBBOCRAFTS Metal artworks olarak ki\u015fisel verilerinizin 6698 say\u0131l\u0131 Ki\u015fisel Verilerin Korunmas\u0131 Kanunu&#8217;na (\u2018Kanun&#8217;) uygun olarak i\u015flenerek, muhafaza edilmesine b\u00fcy\u00fck \u00f6nem veriyoruz. M\u00fc\u015fterilerimizi ki\u015fisel verileri toplama, i\u015fleme, aktarma amac\u0131m\u0131z ve y\u00f6ntemlerimiz ve buna ba\u011fl\u0131 olarak sizlerin Kanun&#8217;dan kaynaklanan haklar\u0131n\u0131zla ilgili bilgilendirmek isteriz. Ki\u015fisel verilerin toplanmas\u0131na ili\u015fkin y\u00f6ntemler BOBBOCRAFTS olarak, veri sorumlusu [&hellip;]<\/p>\n","protected":false},"author":1,"featured_media":0,"parent":0,"menu_order":0,"comment_status":"closed","ping_status":"closed","template":"","meta":{"om_disable_all_campaigns":false,"_monsterinsights_skip_tracking":false,"_monsterinsights_sitenote_active":false,"_monsterinsights_sitenote_note":"","_monsterinsights_sitenote_category":0,"site-sidebar-layout":"default","site-content-layout":"","ast-site-content-layout":"default","site-content-style":"default","site-sidebar-style":"default","ast-global-header-display":"","ast-banner-title-visibility":"","ast-main-header-display":"","ast-hfb-above-header-display":"","ast-hfb-below-header-display":"","ast-hfb-mobile-header-display":"","site-post-title":"","ast-breadcrumbs-content":"","ast-featured-img":"","footer-sml-layout":"","theme-transparent-header-meta":"","adv-header-id-meta":"","stick-header-meta":"","header-above-stick-meta":"","header-main-stick-meta":"","header-below-stick-meta":"","astra-migrate-meta-layouts":"default","ast-page-background-enabled":"default","ast-page-background-meta":{"desktop":{"background-color":"","background-image":"","background-repeat":"repeat","background-position":"center center","background-size":"auto","background-attachment":"scroll","background-type":"","background-media":"","overlay-type":"","overlay-color":"","overlay-opacity":"","overlay-gradient":""},"tablet":{"background-color":"","background-image":"","background-repeat":"repeat","background-position":"center center","background-size":"auto","background-attachment":"scroll","background-type":"","background-media":"","overlay-type":"","overlay-color":"","overlay-opacity":"","overlay-gradient":""},"mobile":{"background-color":"","background-image":"","background-repeat":"repeat","background-position":"center center","background-size":"auto","background-attachment":"scroll","background-type":"","background-media":"","overlay-type":"","overlay-color":"","overlay-opacity":"","overlay-gradient":""}},"ast-content-background-meta":{"desktop":{"background-color":"var(--ast-global-color-5)","background-image":"","background-repeat":"repeat","background-position":"center center","background-size":"auto","background-attachment":"scroll","background-type":"","background-media":"","overlay-type":"","overlay-color":"","overlay-opacity":"","overlay-gradient":""},"tablet":{"background-color":"var(--ast-global-color-5)","background-image":"","background-repeat":"repeat","background-position":"center center","background-size":"auto","background-attachment":"scroll","background-type":"","background-media":"","overlay-type":"","overlay-color":"","overlay-opacity":"","overlay-gradient":""},"mobile":{"background-color":"var(--ast-global-color-5)","background-image":"","background-repeat":"repeat","background-position":"center center","background-size":"auto","background-attachment":"scroll","background-type":"","background-media":"","overlay-type":"","overlay-color":"","overlay-opacity":"","overlay-gradient":""}},"footnotes":""},"class_list":["post-2588","page","type-page","status-publish","hentry"],"yoast_head":"<!-- This site is optimized with the Yoast SEO plugin v19.6.1 - https:\/\/yoast.com\/wordpress\/plugins\/seo\/ -->\n<title>KVKK Politikas\u0131 - Bobbocrafts<\/title>\n<meta name=\"robots\" content=\"index, follow, max-snippet:-1, max-image-preview:large, max-video-preview:-1\" \/>\n<link rel=\"canonical\" href=\"https:\/\/bobbocrafts.com\/index.php\/kvkk-politikasi\/\" \/>\n<meta property=\"og:locale\" content=\"tr_TR\" \/>\n<meta property=\"og:type\" content=\"article\" \/>\n<meta property=\"og:title\" content=\"KVKK Politikas\u0131 - Bobbocrafts\" \/>\n<meta property=\"og:description\" content=\"Ki\u015fisel Verilerin Korunmas\u0131na \u0130li\u015fkin Bilgilendirme; BOBBOCRAFTS Metal artworks olarak ki\u015fisel verilerinizin 6698 say\u0131l\u0131 Ki\u015fisel Verilerin Korunmas\u0131 Kanunu&#8217;na (\u2018Kanun&#8217;) uygun olarak i\u015flenerek, muhafaza edilmesine b\u00fcy\u00fck \u00f6nem veriyoruz. M\u00fc\u015fterilerimizi ki\u015fisel verileri toplama, i\u015fleme, aktarma amac\u0131m\u0131z ve y\u00f6ntemlerimiz ve buna ba\u011fl\u0131 olarak sizlerin Kanun&#8217;dan kaynaklanan haklar\u0131n\u0131zla ilgili bilgilendirmek isteriz. Ki\u015fisel verilerin toplanmas\u0131na ili\u015fkin y\u00f6ntemler BOBBOCRAFTS olarak, veri sorumlusu [&hellip;]\" \/>\n<meta property=\"og:url\" content=\"https:\/\/bobbocrafts.com\/index.php\/kvkk-politikasi\/\" \/>\n<meta property=\"og:site_name\" content=\"Bobbocrafts\" \/>\n<meta property=\"article:publisher\" content=\"https:\/\/www.facebook.com\/profile.php?id=100067798650287\" \/>\n<meta property=\"article:modified_time\" content=\"2024-01-30T14:35:57+00:00\" \/>\n<meta name=\"twitter:card\" content=\"summary_large_image\" \/>\n<meta name=\"twitter:label1\" content=\"Tahmini okuma s\u00fcresi\" \/>\n\t<meta name=\"twitter:data1\" content=\"6 dakika\" \/>\n<script type=\"application\/ld+json\" class=\"yoast-schema-graph\">{\"@context\":\"https:\/\/schema.org\",\"@graph\":[{\"@type\":\"WebPage\",\"@id\":\"https:\/\/bobbocrafts.com\/index.php\/kvkk-politikasi\/\",\"url\":\"https:\/\/bobbocrafts.com\/index.php\/kvkk-politikasi\/\",\"name\":\"KVKK Politikas\u0131 - Bobbocrafts\",\"isPartOf\":{\"@id\":\"https:\/\/bobbocrafts.com\/#website\"},\"datePublished\":\"2022-09-04T15:42:24+00:00\",\"dateModified\":\"2024-01-30T14:35:57+00:00\",\"breadcrumb\":{\"@id\":\"https:\/\/bobbocrafts.com\/index.php\/kvkk-politikasi\/#breadcrumb\"},\"inLanguage\":\"tr\",\"potentialAction\":[{\"@type\":\"ReadAction\",\"target\":[\"https:\/\/bobbocrafts.com\/index.php\/kvkk-politikasi\/\"]}]},{\"@type\":\"BreadcrumbList\",\"@id\":\"https:\/\/bobbocrafts.com\/index.php\/kvkk-politikasi\/#breadcrumb\",\"itemListElement\":[{\"@type\":\"ListItem\",\"position\":1,\"name\":\"Anasayfa\",\"item\":\"https:\/\/bobbocrafts.com\/\"},{\"@type\":\"ListItem\",\"position\":2,\"name\":\"KVKK Politikas\u0131\"}]},{\"@type\":\"WebSite\",\"@id\":\"https:\/\/bobbocrafts.com\/#website\",\"url\":\"https:\/\/bobbocrafts.com\/\",\"name\":\"Bobbocrafts\",\"description\":\"3D Metal Sanatlar\",\"publisher\":{\"@id\":\"https:\/\/bobbocrafts.com\/#organization\"},\"potentialAction\":[{\"@type\":\"SearchAction\",\"target\":{\"@type\":\"EntryPoint\",\"urlTemplate\":\"https:\/\/bobbocrafts.com\/?s={search_term_string}\"},\"query-input\":\"required name=search_term_string\"}],\"inLanguage\":\"tr\"},{\"@type\":\"Organization\",\"@id\":\"https:\/\/bobbocrafts.com\/#organization\",\"name\":\"Bobbocrafts\",\"url\":\"https:\/\/bobbocrafts.com\/\",\"sameAs\":[\"https:\/\/www.instagram.com\/bobbocrafts\/\",\"https:\/\/www.facebook.com\/profile.php?id=100067798650287\"],\"logo\":{\"@type\":\"ImageObject\",\"inLanguage\":\"tr\",\"@id\":\"https:\/\/bobbocrafts.com\/#\/schema\/logo\/image\/\",\"url\":\"https:\/\/bobbocrafts.com\/wp-content\/uploads\/2022\/09\/cropped-bobbocrafts-2-2.png\",\"contentUrl\":\"https:\/\/bobbocrafts.com\/wp-content\/uploads\/2022\/09\/cropped-bobbocrafts-2-2.png\",\"width\":1048,\"height\":673,\"caption\":\"Bobbocrafts\"},\"image\":{\"@id\":\"https:\/\/bobbocrafts.com\/#\/schema\/logo\/image\/\"}}]}<\/script>\n<!-- \/ Yoast SEO plugin. -->","yoast_head_json":{"title":"KVKK Politikas\u0131 - Bobbocrafts","robots":{"index":"index","follow":"follow","max-snippet":"max-snippet:-1","max-image-preview":"max-image-preview:large","max-video-preview":"max-video-preview:-1"},"canonical":"https:\/\/bobbocrafts.com\/index.php\/kvkk-politikasi\/","og_locale":"tr_TR","og_type":"article","og_title":"KVKK Politikas\u0131 - Bobbocrafts","og_description":"Ki\u015fisel Verilerin Korunmas\u0131na \u0130li\u015fkin Bilgilendirme; BOBBOCRAFTS Metal artworks olarak ki\u015fisel verilerinizin 6698 say\u0131l\u0131 Ki\u015fisel Verilerin Korunmas\u0131 Kanunu&#8217;na (\u2018Kanun&#8217;) uygun olarak i\u015flenerek, muhafaza edilmesine b\u00fcy\u00fck \u00f6nem veriyoruz. M\u00fc\u015fterilerimizi ki\u015fisel verileri toplama, i\u015fleme, aktarma amac\u0131m\u0131z ve y\u00f6ntemlerimiz ve buna ba\u011fl\u0131 olarak sizlerin Kanun&#8217;dan kaynaklanan haklar\u0131n\u0131zla ilgili bilgilendirmek isteriz. Ki\u015fisel verilerin toplanmas\u0131na ili\u015fkin y\u00f6ntemler BOBBOCRAFTS olarak, veri sorumlusu [&hellip;]","og_url":"https:\/\/bobbocrafts.com\/index.php\/kvkk-politikasi\/","og_site_name":"Bobbocrafts","article_publisher":"https:\/\/www.facebook.com\/profile.php?id=100067798650287","article_modified_time":"2024-01-30T14:35:57+00:00","twitter_card":"summary_large_image","twitter_misc":{"Tahmini okuma s\u00fcresi":"6 dakika"},"schema":{"@context":"https:\/\/schema.org","@graph":[{"@type":"WebPage","@id":"https:\/\/bobbocrafts.com\/index.php\/kvkk-politikasi\/","url":"https:\/\/bobbocrafts.com\/index.php\/kvkk-politikasi\/","name":"KVKK Politikas\u0131 - Bobbocrafts","isPartOf":{"@id":"https:\/\/bobbocrafts.com\/#website"},"datePublished":"2022-09-04T15:42:24+00:00","dateModified":"2024-01-30T14:35:57+00:00","breadcrumb":{"@id":"https:\/\/bobbocrafts.com\/index.php\/kvkk-politikasi\/#breadcrumb"},"inLanguage":"tr","potentialAction":[{"@type":"ReadAction","target":["https:\/\/bobbocrafts.com\/index.php\/kvkk-politikasi\/"]}]},{"@type":"BreadcrumbList","@id":"https:\/\/bobbocrafts.com\/index.php\/kvkk-politikasi\/#breadcrumb","itemListElement":[{"@type":"ListItem","position":1,"name":"Anasayfa","item":"https:\/\/bobbocrafts.com\/"},{"@type":"ListItem","position":2,"name":"KVKK Politikas\u0131"}]},{"@type":"WebSite","@id":"https:\/\/bobbocrafts.com\/#website","url":"https:\/\/bobbocrafts.com\/","name":"Bobbocrafts","description":"3D Metal Sanatlar","publisher":{"@id":"https:\/\/bobbocrafts.com\/#organization"},"potentialAction":[{"@type":"SearchAction","target":{"@type":"EntryPoint","urlTemplate":"https:\/\/bobbocrafts.com\/?s={search_term_string}"},"query-input":"required name=search_term_string"}],"inLanguage":"tr"},{"@type":"Organization","@id":"https:\/\/bobbocrafts.com\/#organization","name":"Bobbocrafts","url":"https:\/\/bobbocrafts.com\/","sameAs":["https:\/\/www.instagram.com\/bobbocrafts\/","https:\/\/www.facebook.com\/profile.php?id=100067798650287"],"logo":{"@type":"ImageObject","inLanguage":"tr","@id":"https:\/\/bobbocrafts.com\/#\/schema\/logo\/image\/","url":"https:\/\/bobbocrafts.com\/wp-content\/uploads\/2022\/09\/cropped-bobbocrafts-2-2.png","contentUrl":"https:\/\/bobbocrafts.com\/wp-content\/uploads\/2022\/09\/cropped-bobbocrafts-2-2.png","width":1048,"height":673,"caption":"Bobbocrafts"},"image":{"@id":"https:\/\/bobbocrafts.com\/#\/schema\/logo\/image\/"}}]}},"uagb_featured_image_src":{"full":false,"thumbnail":false,"medium":false,"medium_large":false,"large":false,"1536x1536":false,"2048x2048":false,"woocommerce_thumbnail":false,"woocommerce_single":false,"woocommerce_gallery_thumbnail":false},"uagb_author_info":{"display_name":"bobbocrafts","author_link":"https:\/\/bobbocrafts.com\/index.php\/author\/bobbocrafts\/"},"uagb_comment_info":0,"uagb_excerpt":"Ki\u015fisel Verilerin Korunmas\u0131na \u0130li\u015fkin Bilgilendirme; BOBBOCRAFTS Metal artworks olarak ki\u015fisel verilerinizin 6698 say\u0131l\u0131 Ki\u015fisel Verilerin Korunmas\u0131 Kanunu&#8217;na (\u2018Kanun&#8217;) uygun olarak i\u015flenerek, muhafaza edilmesine b\u00fcy\u00fck \u00f6nem veriyoruz. M\u00fc\u015fterilerimizi ki\u015fisel verileri toplama, i\u015fleme, aktarma amac\u0131m\u0131z ve y\u00f6ntemlerimiz ve buna ba\u011fl\u0131 olarak sizlerin Kanun&#8217;dan kaynaklanan haklar\u0131n\u0131zla ilgili bilgilendirmek isteriz. Ki\u015fisel verilerin toplanmas\u0131na ili\u015fkin y\u00f6ntemler BOBBOCRAFTS olarak, veri sorumlusu&hellip;","_links":{"self":[{"href":"https:\/\/bobbocrafts.com\/index.php\/wp-json\/wp\/v2\/pages\/2588","targetHints":{"allow":["GET"]}}],"collection":[{"href":"https:\/\/bobbocrafts.com\/index.php\/wp-json\/wp\/v2\/pages"}],"about":[{"href":"https:\/\/bobbocrafts.com\/index.php\/wp-json\/wp\/v2\/types\/page"}],"author":[{"embeddable":true,"href":"https:\/\/bobbocrafts.com\/index.php\/wp-json\/wp\/v2\/users\/1"}],"replies":[{"embeddable":true,"href":"https:\/\/bobbocrafts.com\/index.php\/wp-json\/wp\/v2\/comments?post=2588"}],"version-history":[{"count":4,"href":"https:\/\/bobbocrafts.com\/index.php\/wp-json\/wp\/v2\/pages\/2588\/revisions"}],"predecessor-version":[{"id":3779,"href":"https:\/\/bobbocrafts.com\/index.php\/wp-json\/wp\/v2\/pages\/2588\/revisions\/3779"}],"wp:attachment":[{"href":"https:\/\/bobbocrafts.com\/index.php\/wp-json\/wp\/v2\/media?parent=2588"}],"curies":[{"name":"wp","href":"https:\/\/api.w.org\/{rel}","templated":true}]}}